{"id":368,"date":"2020-09-01T20:26:46","date_gmt":"2020-09-01T18:26:46","guid":{"rendered":"https:\/\/fulvioventura.org\/collections\/"},"modified":"2021-01-23T12:22:44","modified_gmt":"2021-01-23T11:22:44","slug":"collections","status":"publish","type":"page","link":"https:\/\/fulvioventura.org\/fr\/collections\/","title":{"rendered":"collections"},"content":{"rendered":"<p>[vc_row][vc_column][vc_column_text]<\/p>\n<h2>collections<\/h2>\n<p>[\/vc_column_text][\/vc_column][\/vc_row][vc_row][vc_column][vc_column_text]<b>Cabinet des Estampes de la Biblioth\u00e8que Nationale<\/b>, Paris : 137 tirages photographiques, dont 10 \u00e0 couleurs<\/p>\n<p><b>Centro Studi e Archivio della Comunicazione<\/b> (Centre Etudes et Archive de la communication), Parma, Italie : 181 tirages photographiques<\/p>\n<p><b>Museo di Fotografia Contemporanea<\/b> (Mus\u00e9e de Photographie contemporaine), Accademia Carrara, Bergamo, Italie : 146 tirages photographiques dont 123 de l\u2019\u0153uvre collective \u2018Archivio dello Spazio\u2019 (Archive de l\u2019Espace)<\/p>\n<p><b>Museo nazionale delle arti del XXI\u00b0 secolo<\/b> (Mus\u00e9e national des arts du 21\u00e8me si\u00e8cle), Rome, Italie : 60 tirages photographiques de Venise<\/p>\n<p><b>Mus\u00e9e de beaux-arts R\u00e9attu<\/b>, Arles : tirages photographiques &#8211; nombre inconnu<\/p>\n<p><b>Museo del Paesaggio<\/b> (Mus\u00e9e du paysage), Verbania, Italie : tirages photographiques de <i>Paesaggio con auto<\/i> (Paysage avec voiture) &#8211; nombre inconnu<\/p>\n<p><b>Collezione F. Grillenzoni e M.A. Cavallini<\/b>, collection priv\u00e9e, Novara, Italie : plus de 100 tirages photographiques<\/p>\n<p><b>Collezione Iminox<\/b>, collection priv\u00e9e, Pallanza, Italie : plus de 50 tirages photographiques<\/p>\n<p><b>Collection Yalda<\/b>, collection priv\u00e9e, Neuville sur Sa\u00f4ne, France : 32 tirages photographiques et 125 tirages num\u00e9riques<\/p>\n<p><b>Sammlung Michael Cantz<\/b>, collection priv\u00e9e, Heidelberg, Allemagne: 15 tirages photographiques[\/vc_column_text][\/vc_column][\/vc_row]<\/p>\n","protected":false},"excerpt":{"rendered":"<p>[vc_row][vc_column][vc_column_text] collections [\/vc_column_text][\/vc_column][\/vc_row][vc_row][vc_column][vc_column_text]Cabinet des Estampes de la Biblioth\u00e8que Nationale, Paris : 137 tirages photographiques, dont 10 \u00e0 couleurs Centro Studi e Archivio della Comunicazione (Centre Etudes et Archive de la communication), Parma, Italie : 181 tirages photographiques Museo di Fotografia Contemporanea (Mus\u00e9e de Photographie contemporaine), Accademia Carrara, Bergamo, Italie : 146 tirages photographiques dont 123&hellip;<\/p>\n","protected":false},"author":1,"featured_media":0,"parent":0,"menu_order":0,"comment_status":"closed","ping_status":"closed","template":"","meta":[],"_links":{"self":[{"href":"https:\/\/fulvioventura.org\/fr\/wp-json\/wp\/v2\/pages\/368"}],"collection":[{"href":"https:\/\/fulvioventura.org\/fr\/wp-json\/wp\/v2\/pages"}],"about":[{"href":"https:\/\/fulvioventura.org\/fr\/wp-json\/wp\/v2\/types\/page"}],"author":[{"embeddable":true,"href":"https:\/\/fulvioventura.org\/fr\/wp-json\/wp\/v2\/users\/1"}],"replies":[{"embeddable":true,"href":"https:\/\/fulvioventura.org\/fr\/wp-json\/wp\/v2\/comments?post=368"}],"version-history":[{"count":15,"href":"https:\/\/fulvioventura.org\/fr\/wp-json\/wp\/v2\/pages\/368\/revisions"}],"predecessor-version":[{"id":5422,"href":"https:\/\/fulvioventura.org\/fr\/wp-json\/wp\/v2\/pages\/368\/revisions\/5422"}],"wp:attachment":[{"href":"https:\/\/fulvioventura.org\/fr\/wp-json\/wp\/v2\/media?parent=368"}],"curies":[{"name":"wp","href":"https:\/\/api.w.org\/{rel}","templated":true}]}}