{"id":4967,"date":"2020-12-16T21:14:57","date_gmt":"2020-12-16T20:14:57","guid":{"rendered":"https:\/\/fulvioventura.org\/kontakt\/"},"modified":"2025-03-05T13:39:44","modified_gmt":"2025-03-05T12:39:44","slug":"kontakt","status":"publish","type":"page","link":"https:\/\/fulvioventura.org\/de\/kontakt\/","title":{"rendered":"Kontakt"},"content":{"rendered":"<p>[vc_row][vc_column][vc_column_text]<\/p>\n<h3 style=\"text-align: center;\">Vielen Dank f\u00fcr Ihren Besuch.<\/h3>\n<h4 style=\"text-align: center;\">Wenn Sie weitere Informationen \u00fcber die Arbeit von Fulvio Ventura, \u00fcber die Verf\u00fcgbarkeit oder den Kauf von Original-Vintage-Drucken seiner Fotografien w\u00fcnschen, k\u00f6nnen Sie sich an Anna de Lorenzi, Erbin und Kuratorin des Archivs Ventura, wenden:<a href=\"mailto:anna@fulvioventura.org\"><br \/>\nanna@fulvioventura.org<\/a><\/h4>\n<h4 style=\"text-align: center;\">F\u00fcr weitere Informationen zur Verf\u00fcgbarkeit oder zum Kauf von Original-Vintage-Drucken von Fulvio Ventura Fotografien k\u00f6nnen Sie sich auch an Giulia Zorzi, Direktorin der Micamera Kunstbuchhandlung, wenden:<a href=\"mailto:giulia@fulvioventura.org\"><br \/>\ngiulia@fulvioventura.org<\/a><\/h4>\n<p>&nbsp;<\/p>\n<p>[\/vc_column_text][\/vc_column][\/vc_row]<\/p>\n","protected":false},"excerpt":{"rendered":"<p>[vc_row][vc_column][vc_column_text] Vielen Dank f\u00fcr Ihren Besuch. Wenn Sie weitere Informationen \u00fcber die Arbeit von Fulvio Ventura, \u00fcber die Verf\u00fcgbarkeit oder den Kauf von Original-Vintage-Drucken seiner Fotografien w\u00fcnschen, k\u00f6nnen Sie sich an Anna de Lorenzi, Erbin und Kuratorin des Archivs Ventura, wenden: anna@fulvioventura.org F\u00fcr weitere Informationen zur Verf\u00fcgbarkeit oder zum Kauf von Original-Vintage-Drucken von Fulvio Ventura&hellip;<\/p>\n","protected":false},"author":1,"featured_media":0,"parent":0,"menu_order":0,"comment_status":"closed","ping_status":"closed","template":"","meta":[],"_links":{"self":[{"href":"https:\/\/fulvioventura.org\/de\/wp-json\/wp\/v2\/pages\/4967"}],"collection":[{"href":"https:\/\/fulvioventura.org\/de\/wp-json\/wp\/v2\/pages"}],"about":[{"href":"https:\/\/fulvioventura.org\/de\/wp-json\/wp\/v2\/types\/page"}],"author":[{"embeddable":true,"href":"https:\/\/fulvioventura.org\/de\/wp-json\/wp\/v2\/users\/1"}],"replies":[{"embeddable":true,"href":"https:\/\/fulvioventura.org\/de\/wp-json\/wp\/v2\/comments?post=4967"}],"version-history":[{"count":7,"href":"https:\/\/fulvioventura.org\/de\/wp-json\/wp\/v2\/pages\/4967\/revisions"}],"predecessor-version":[{"id":6844,"href":"https:\/\/fulvioventura.org\/de\/wp-json\/wp\/v2\/pages\/4967\/revisions\/6844"}],"wp:attachment":[{"href":"https:\/\/fulvioventura.org\/de\/wp-json\/wp\/v2\/media?parent=4967"}],"curies":[{"name":"wp","href":"https:\/\/api.w.org\/{rel}","templated":true}]}}